{"id":680,"date":"2025-02-03T08:06:25","date_gmt":"2025-02-03T08:06:25","guid":{"rendered":"https:\/\/luxorphuquochotel.com\/?page_id=680"},"modified":"2025-05-05T20:07:43","modified_gmt":"2025-05-05T13:07:43","slug":"chinh-sach-website","status":"publish","type":"page","link":"https:\/\/luxorphuquochotel.com\/vi\/chinh-sach-website\/","title":{"rendered":"Ch\u00ednh s\u00e1ch website"},"content":{"rendered":"<p><strong>1. Gi\u1edbi Thi\u1ec7u<\/strong><\/p>\n<p>Ch\u00e0o m\u1eebng b\u1ea1n \u0111\u1ebfn v\u1edbi website ch\u00ednh th\u1ee9c c\u1ee7a Kh\u00e1ch s\u1ea1n Luxor Ph\u00fa Qu\u1ed1c. Ch\u00ednh s\u00e1ch website n\u00e0y nh\u1eb1m gi\u1ea3i th\u00edch c\u00e1ch ch\u00fang t\u00f4i thu th\u1eadp, s\u1eed d\u1ee5ng v\u00e0 b\u1ea3o v\u1ec7 th\u00f4ng tin c\u00e1 nh\u00e2n c\u1ee7a b\u1ea1n khi truy c\u1eadp v\u00e0 s\u1eed d\u1ee5ng d\u1ecbch v\u1ee5 tr\u00ean trang web.<\/p>\n<p><strong>2. Thu Th\u1eadp<\/strong><\/p>\n<p>Th\u00f4ng TinCh\u00fang t\u00f4i thu th\u1eadp th\u00f4ng tin c\u00e1 nh\u00e2n nh\u01b0 t\u00ean, \u0111\u1ecba ch\u1ec9 email, s\u1ed1 \u0111i\u1ec7n tho\u1ea1i v\u00e0 th\u00f4ng tin thanh to\u00e1n khi b\u1ea1n:<\/p>\n<ul>\n<li style=\"list-style-type: none;\">\n<ul>\n<li>\u0110\u1eb7t ph\u00f2ng tr\u1ef1c tuy\u1ebfn<\/li>\n<li>\u0110\u0103ng k\u00fd nh\u1eadn b\u1ea3n tin<\/li>\n<li>Li\u00ean h\u1ec7 qua c\u00e1c m\u1eabu form<\/li>\n<\/ul>\n<\/li>\n<\/ul>\n<p><strong>3. S\u1eed D\u1ee5ng Th\u00f4ng Tin<\/strong><\/p>\n<p>Th\u00f4ng tin c\u1ee7a b\u1ea1n \u0111\u01b0\u1ee3c s\u1eed d\u1ee5ng \u0111\u1ec3:<\/p>\n<ul>\n<li style=\"list-style-type: none;\">\n<ul>\n<li>X\u00e1c nh\u1eadn v\u00e0 x\u1eed l\u00fd c\u00e1c \u0111\u1eb7t ph\u00f2ng<\/li>\n<li>Cung c\u1ea5p th\u00f4ng tin v\u1ec1 c\u00e1c khuy\u1ebfn m\u00e3i v\u00e0 d\u1ecbch v\u1ee5 m\u1edbi<\/li>\n<li>C\u1ea3i thi\u1ec7n ch\u1ea5t l\u01b0\u1ee3ng d\u1ecbch v\u1ee5 v\u00e0 tr\u1ea3i nghi\u1ec7m c\u1ee7a kh\u00e1ch h\u00e0ng<\/li>\n<\/ul>\n<\/li>\n<\/ul>\n<p><strong>4. B\u1ea3o M\u1eadt Th\u00f4ng Tin<\/strong><\/p>\n<p>Ch\u00fang t\u00f4i cam k\u1ebft b\u1ea3o m\u1eadt th\u00f4ng tin c\u00e1 nh\u00e2n c\u1ee7a b\u1ea1n b\u1eb1ng c\u00e1c bi\u1ec7n ph\u00e1p k\u1ef9 thu\u1eadt v\u00e0 quy tr\u00ecnh nghi\u00eam ng\u1eb7t. Th\u00f4ng tin c\u1ee7a b\u1ea1n s\u1ebd kh\u00f4ng \u0111\u01b0\u1ee3c chia s\u1ebb cho b\u00ean th\u1ee9 ba n\u1ebfu kh\u00f4ng c\u00f3 s\u1ef1 \u0111\u1ed3ng \u00fd c\u1ee7a b\u1ea1n, tr\u1eeb khi ph\u00e1p lu\u1eadt c\u00f3 quy \u0111\u1ecbnh kh\u00e1c.<\/p>\n<p><strong>5. Quy\u1ec1n L\u1ee3i C\u1ee7a Kh\u00e1ch H\u00e0ng<\/strong><\/p>\n<p>B\u1ea1n c\u00f3 quy\u1ec1n truy c\u1eadp, ch\u1ec9nh s\u1eeda ho\u1eb7c y\u00eau c\u1ea7u x\u00f3a th\u00f4ng tin c\u00e1 nh\u00e2n c\u1ee7a m\u00ecnh. Vui l\u00f2ng li\u00ean h\u1ec7 v\u1edbi ch\u00fang t\u00f4i qua email h\u1ed7 tr\u1ee3 \u0111\u1ec3 th\u1ef1c hi\u1ec7n c\u00e1c quy\u1ec1n n\u00e0y.<\/p>\n<p><strong>6. Thay \u0110\u1ed5i Ch\u00ednh S\u00e1ch<\/strong><\/p>\n<p>Ch\u00fang t\u00f4i c\u00f3 th\u1ec3 c\u1eadp nh\u1eadt ch\u00ednh s\u00e1ch n\u00e0y b\u1ea5t c\u1ee9 l\u00fac n\u00e0o. M\u1ecdi thay \u0111\u1ed5i s\u1ebd \u0111\u01b0\u1ee3c c\u1eadp nh\u1eadt tr\u1ef1c ti\u1ebfp tr\u00ean website. Vi\u1ec7c ti\u1ebfp t\u1ee5c s\u1eed d\u1ee5ng website sau khi c\u00f3 thay \u0111\u1ed5i \u0111\u1ed3ng ngh\u0129a v\u1edbi vi\u1ec7c b\u1ea1n ch\u1ea5p nh\u1eadn c\u00e1c ch\u00ednh s\u00e1ch m\u1edbi.<\/p>\n","protected":false},"excerpt":{"rendered":"<p>1. Gi\u1edbi Thi\u1ec7u Ch\u00e0o m\u1eebng b\u1ea1n \u0111\u1ebfn v\u1edbi website ch\u00ednh th\u1ee9c c\u1ee7a Kh\u00e1ch s\u1ea1n Luxor Ph\u00fa Qu\u1ed1c. Ch\u00ednh s\u00e1ch website n\u00e0y nh\u1eb1m gi\u1ea3i th\u00edch c\u00e1ch ch\u00fang t\u00f4i thu th\u1eadp, s\u1eed d\u1ee5ng v\u00e0 b\u1ea3o v\u1ec7 th\u00f4ng tin c\u00e1 nh\u00e2n c\u1ee7a b\u1ea1n khi truy c\u1eadp v\u00e0 s\u1eed d\u1ee5ng d\u1ecbch v\u1ee5 tr\u00ean trang web. 2. Thu Th\u1eadp Th\u00f4ng [&hellip;]<\/p>\n","protected":false},"author":1,"featured_media":0,"parent":0,"menu_order":0,"comment_status":"closed","ping_status":"closed","template":"templates\/template-page.php","meta":{"_acf_changed":false,"inline_featured_image":false,"footnotes":""},"class_list":["post-680","page","type-page","status-publish","hentry"],"acf":[],"yoast_head":"<!-- This site is optimized with the Yoast SEO plugin v25.0 - https:\/\/yoast.com\/wordpress\/plugins\/seo\/ -->\n<title>Ch\u00ednh s\u00e1ch website - Luxor Boutique Hotel - Phu Quoc<\/title>\n<meta name=\"robots\" content=\"index, follow, max-snippet:-1, max-image-preview:large, max-video-preview:-1\" \/>\n<link rel=\"canonical\" href=\"https:\/\/luxorphuquochotel.com\/vi\/chinh-sach-website\/\" \/>\n<meta property=\"og:locale\" content=\"vi_VN\" \/>\n<meta property=\"og:type\" content=\"article\" \/>\n<meta property=\"og:title\" content=\"Ch\u00ednh s\u00e1ch website - Luxor Boutique Hotel - Phu Quoc\" \/>\n<meta property=\"og:description\" content=\"1. Gi\u1edbi Thi\u1ec7u Ch\u00e0o m\u1eebng b\u1ea1n \u0111\u1ebfn v\u1edbi website ch\u00ednh th\u1ee9c c\u1ee7a Kh\u00e1ch s\u1ea1n Luxor Ph\u00fa Qu\u1ed1c. Ch\u00ednh s\u00e1ch website n\u00e0y nh\u1eb1m gi\u1ea3i th\u00edch c\u00e1ch ch\u00fang t\u00f4i thu th\u1eadp, s\u1eed d\u1ee5ng v\u00e0 b\u1ea3o v\u1ec7 th\u00f4ng tin c\u00e1 nh\u00e2n c\u1ee7a b\u1ea1n khi truy c\u1eadp v\u00e0 s\u1eed d\u1ee5ng d\u1ecbch v\u1ee5 tr\u00ean trang web. 2. Thu Th\u1eadp Th\u00f4ng [&hellip;]\" \/>\n<meta property=\"og:url\" content=\"https:\/\/luxorphuquochotel.com\/vi\/chinh-sach-website\/\" \/>\n<meta property=\"og:site_name\" content=\"Luxor Boutique Hotel - Phu Quoc\" \/>\n<meta property=\"article:modified_time\" content=\"2025-05-05T13:07:43+00:00\" \/>\n<meta property=\"og:image\" content=\"https:\/\/luxorphuquochotel.com\/wp-content\/uploads\/2025\/04\/vietgoing_mvr2304249468.webp\" \/>\n\t<meta property=\"og:image:width\" content=\"1200\" \/>\n\t<meta property=\"og:image:height\" content=\"675\" \/>\n\t<meta property=\"og:image:type\" content=\"image\/webp\" \/>\n<meta name=\"twitter:card\" content=\"summary_large_image\" \/>\n<meta name=\"twitter:label1\" content=\"Est. reading time\" \/>\n\t<meta name=\"twitter:data1\" content=\"2 minutes\" \/>\n<script type=\"application\/ld+json\" class=\"yoast-schema-graph\">{\"@context\":\"https:\/\/schema.org\",\"@graph\":[{\"@type\":\"WebPage\",\"@id\":\"https:\/\/luxorphuquochotel.com\/vi\/chinh-sach-website\/\",\"url\":\"https:\/\/luxorphuquochotel.com\/vi\/chinh-sach-website\/\",\"name\":\"Ch\u00ednh s\u00e1ch website - Luxor Boutique Hotel - Phu Quoc\",\"isPartOf\":{\"@id\":\"https:\/\/luxorphuquochotel.com\/vi\/#website\"},\"datePublished\":\"2025-02-03T08:06:25+00:00\",\"dateModified\":\"2025-05-05T13:07:43+00:00\",\"breadcrumb\":{\"@id\":\"https:\/\/luxorphuquochotel.com\/vi\/chinh-sach-website\/#breadcrumb\"},\"inLanguage\":\"vi-VN\",\"potentialAction\":[{\"@type\":\"ReadAction\",\"target\":[\"https:\/\/luxorphuquochotel.com\/vi\/chinh-sach-website\/\"]}]},{\"@type\":\"BreadcrumbList\",\"@id\":\"https:\/\/luxorphuquochotel.com\/vi\/chinh-sach-website\/#breadcrumb\",\"itemListElement\":[{\"@type\":\"ListItem\",\"position\":1,\"name\":\"Trang ch\u1ee7\",\"item\":\"https:\/\/luxorphuquochotel.com\/vi\/\"},{\"@type\":\"ListItem\",\"position\":2,\"name\":\"Ch\u00ednh s\u00e1ch website\"}]},{\"@type\":\"WebSite\",\"@id\":\"https:\/\/luxorphuquochotel.com\/vi\/#website\",\"url\":\"https:\/\/luxorphuquochotel.com\/vi\/\",\"name\":\"Luxor Boutique Hotel - Phu Quoc\",\"description\":\"\",\"potentialAction\":[{\"@type\":\"SearchAction\",\"target\":{\"@type\":\"EntryPoint\",\"urlTemplate\":\"https:\/\/luxorphuquochotel.com\/vi\/?s={search_term_string}\"},\"query-input\":{\"@type\":\"PropertyValueSpecification\",\"valueRequired\":true,\"valueName\":\"search_term_string\"}}],\"inLanguage\":\"vi-VN\"}]}<\/script>\n<!-- \/ Yoast SEO plugin. -->","yoast_head_json":{"title":"Ch\u00ednh s\u00e1ch website - Luxor Boutique Hotel - Phu Quoc","robots":{"index":"index","follow":"follow","max-snippet":"max-snippet:-1","max-image-preview":"max-image-preview:large","max-video-preview":"max-video-preview:-1"},"canonical":"https:\/\/luxorphuquochotel.com\/vi\/chinh-sach-website\/","og_locale":"vi_VN","og_type":"article","og_title":"Ch\u00ednh s\u00e1ch website - Luxor Boutique Hotel - Phu Quoc","og_description":"1. Gi\u1edbi Thi\u1ec7u Ch\u00e0o m\u1eebng b\u1ea1n \u0111\u1ebfn v\u1edbi website ch\u00ednh th\u1ee9c c\u1ee7a Kh\u00e1ch s\u1ea1n Luxor Ph\u00fa Qu\u1ed1c. Ch\u00ednh s\u00e1ch website n\u00e0y nh\u1eb1m gi\u1ea3i th\u00edch c\u00e1ch ch\u00fang t\u00f4i thu th\u1eadp, s\u1eed d\u1ee5ng v\u00e0 b\u1ea3o v\u1ec7 th\u00f4ng tin c\u00e1 nh\u00e2n c\u1ee7a b\u1ea1n khi truy c\u1eadp v\u00e0 s\u1eed d\u1ee5ng d\u1ecbch v\u1ee5 tr\u00ean trang web. 2. Thu Th\u1eadp Th\u00f4ng [&hellip;]","og_url":"https:\/\/luxorphuquochotel.com\/vi\/chinh-sach-website\/","og_site_name":"Luxor Boutique Hotel - Phu Quoc","article_modified_time":"2025-05-05T13:07:43+00:00","og_image":[{"width":1200,"height":675,"url":"https:\/\/luxorphuquochotel.com\/wp-content\/uploads\/2025\/04\/vietgoing_mvr2304249468.webp","type":"image\/webp"}],"twitter_card":"summary_large_image","twitter_misc":{"Est. reading time":"2 minutes"},"schema":{"@context":"https:\/\/schema.org","@graph":[{"@type":"WebPage","@id":"https:\/\/luxorphuquochotel.com\/vi\/chinh-sach-website\/","url":"https:\/\/luxorphuquochotel.com\/vi\/chinh-sach-website\/","name":"Ch\u00ednh s\u00e1ch website - Luxor Boutique Hotel - Phu Quoc","isPartOf":{"@id":"https:\/\/luxorphuquochotel.com\/vi\/#website"},"datePublished":"2025-02-03T08:06:25+00:00","dateModified":"2025-05-05T13:07:43+00:00","breadcrumb":{"@id":"https:\/\/luxorphuquochotel.com\/vi\/chinh-sach-website\/#breadcrumb"},"inLanguage":"vi-VN","potentialAction":[{"@type":"ReadAction","target":["https:\/\/luxorphuquochotel.com\/vi\/chinh-sach-website\/"]}]},{"@type":"BreadcrumbList","@id":"https:\/\/luxorphuquochotel.com\/vi\/chinh-sach-website\/#breadcrumb","itemListElement":[{"@type":"ListItem","position":1,"name":"Trang ch\u1ee7","item":"https:\/\/luxorphuquochotel.com\/vi\/"},{"@type":"ListItem","position":2,"name":"Ch\u00ednh s\u00e1ch website"}]},{"@type":"WebSite","@id":"https:\/\/luxorphuquochotel.com\/vi\/#website","url":"https:\/\/luxorphuquochotel.com\/vi\/","name":"Luxor Boutique Hotel - Phu Quoc","description":"","potentialAction":[{"@type":"SearchAction","target":{"@type":"EntryPoint","urlTemplate":"https:\/\/luxorphuquochotel.com\/vi\/?s={search_term_string}"},"query-input":{"@type":"PropertyValueSpecification","valueRequired":true,"valueName":"search_term_string"}}],"inLanguage":"vi-VN"}]}},"_links":{"self":[{"href":"https:\/\/luxorphuquochotel.com\/vi\/wp-json\/wp\/v2\/pages\/680","targetHints":{"allow":["GET"]}}],"collection":[{"href":"https:\/\/luxorphuquochotel.com\/vi\/wp-json\/wp\/v2\/pages"}],"about":[{"href":"https:\/\/luxorphuquochotel.com\/vi\/wp-json\/wp\/v2\/types\/page"}],"author":[{"embeddable":true,"href":"https:\/\/luxorphuquochotel.com\/vi\/wp-json\/wp\/v2\/users\/1"}],"replies":[{"embeddable":true,"href":"https:\/\/luxorphuquochotel.com\/vi\/wp-json\/wp\/v2\/comments?post=680"}],"version-history":[{"count":2,"href":"https:\/\/luxorphuquochotel.com\/vi\/wp-json\/wp\/v2\/pages\/680\/revisions"}],"predecessor-version":[{"id":990,"href":"https:\/\/luxorphuquochotel.com\/vi\/wp-json\/wp\/v2\/pages\/680\/revisions\/990"}],"wp:attachment":[{"href":"https:\/\/luxorphuquochotel.com\/vi\/wp-json\/wp\/v2\/media?parent=680"}],"curies":[{"name":"wp","href":"https:\/\/api.w.org\/{rel}","templated":true}]}}