{"id":555,"date":"2025-01-07T11:13:53","date_gmt":"2025-01-07T11:13:53","guid":{"rendered":"https:\/\/luxorphuquochotel.com\/?page_id=555"},"modified":"2025-07-08T15:21:15","modified_gmt":"2025-07-08T08:21:15","slug":"dich-vu","status":"publish","type":"page","link":"https:\/\/luxorphuquochotel.com\/vi\/dich-vu\/","title":{"rendered":"D\u1ecbch v\u1ee5"},"content":{"rendered":"<p><strong>Kh\u00f4ng ch\u1ec9 g\u00e2y \u1ea5n t\u01b0\u1ee3ng b\u1edfi v\u1ecb tr\u00ed thu\u1eadn ti\u1ec7n v\u00e0 khung c\u1ea3nh thi\u00ean nhi\u00ean tuy\u1ec7t \u0111\u1eb9p, Kh\u00e1ch s\u1ea1n Luxor Boutique &#8211; Ph\u00fa Qu\u1ed1c c\u00f2n mang \u0111\u1ebfn cho du kh\u00e1ch nh\u1eefng ti\u1ec7n \u00edch v\u00e0 d\u1ecbch v\u1ee5 \u0111a d\u1ea1ng, \u0111\u00e1p \u1ee9ng m\u1ecdi nhu c\u1ea7u trong su\u1ed1t k\u1ef3 ngh\u1ec9. T\u1eeb kh\u00f4ng gian ngh\u1ec9 ng\u01a1i \u1ea5m c\u00fang cho \u0111\u1ebfn c\u00e1c ti\u1ec7n nghi th\u01b0 gi\u00e3n, gi\u1ea3i tr\u00ed, t\u1ea5t c\u1ea3 \u0111\u1ec1u \u0111\u01b0\u1ee3c ch\u0103m ch\u00fat nh\u1eb1m mang l\u1ea1i s\u1ef1 h\u00e0i l\u00f2ng t\u1ed1i \u0111a cho Qu\u00fd kh\u00e1ch.<\/strong><\/p>\n<p>Nh\u00e0 h\u00e0ng t\u1ea1i kh\u00e1ch s\u1ea1n l\u00e0 \u0111i\u1ec3m nh\u1ea5n n\u1ed5i b\u1eadt, mang \u0111\u1ebfn tr\u1ea3i nghi\u1ec7m tho\u1ea3i m\u00e1i cho m\u1ecdi du kh\u00e1ch.<\/p>\n<ul>\n<li style=\"list-style-type: none;\">\n<ul>\n<li><strong>Nh\u00e0 h\u00e0ng:<\/strong><\/li>\n<\/ul>\n<\/li>\n<\/ul>\n<p>C\u00e1c m\u00f3n \u0103n \u0111\u01b0\u1ee3c ch\u1ebf bi\u1ebfn t\u1eeb ngu\u1ed3n nguy\u00ean li\u1ec7u t\u01b0\u01a1i ngon, \u0111\u1ea3m b\u1ea3o h\u01b0\u01a1ng v\u1ecb th\u01a1m ngon v\u00e0 ch\u1ea5t l\u01b0\u1ee3ng an to\u00e0n. T\u1eeb nh\u1eefng m\u00f3n \u0103n truy\u1ec1n th\u1ed1ng Vi\u1ec7t Nam nh\u01b0 ph\u1edf, b\u00fan, b\u00e1nh m\u00ec \u0111\u1ebfn c\u00e1c m\u00f3n \u00c2u nh\u1eb9 nh\u00e0ng nh\u01b0 tr\u1ee9ng, x\u00fac x\u00edch, b\u00e1nh ng\u1ecdt v\u00e0 tr\u00e1i c\u00e2y t\u01b0\u01a1i \u2013 t\u1ea5t c\u1ea3 \u0111\u1ec1u \u0111\u01b0\u1ee3c b\u00e0y tr\u00ed \u0111\u1eb9p m\u1eaft trong kh\u00f4ng gian s\u1ea1ch s\u1ebd, \u1ea5m c\u00fang, mang \u0111\u1ebfn m\u1ed9t kh\u1edfi \u0111\u1ea7u ng\u00e0y m\u1edbi \u0111\u1ea7y n\u0103ng l\u01b0\u1ee3ng cho Qu\u00fd kh\u00e1ch.<\/p>\n<p><img loading=\"lazy\" decoding=\"async\" class=\"size-full wp-image-1174 aligncenter\" src=\"https:\/\/luxorphuquochotel.com\/wp-content\/uploads\/2025\/07\/luxor_01.webp\" alt=\"\" width=\"900\" height=\"568\" srcset=\"https:\/\/luxorphuquochotel.com\/wp-content\/uploads\/2025\/07\/luxor_01.webp 900w, https:\/\/luxorphuquochotel.com\/wp-content\/uploads\/2025\/07\/luxor_01-300x189.webp 300w, https:\/\/luxorphuquochotel.com\/wp-content\/uploads\/2025\/07\/luxor_01-768x485.webp 768w\" sizes=\"auto, (max-width: 900px) 100vw, 900px\" \/><\/p>\n<p><img loading=\"lazy\" decoding=\"async\" class=\"size-full wp-image-1176 aligncenter\" src=\"https:\/\/luxorphuquochotel.com\/wp-content\/uploads\/2025\/07\/luxor_02.webp\" alt=\"\" width=\"900\" height=\"600\" srcset=\"https:\/\/luxorphuquochotel.com\/wp-content\/uploads\/2025\/07\/luxor_02.webp 900w, https:\/\/luxorphuquochotel.com\/wp-content\/uploads\/2025\/07\/luxor_02-300x200.webp 300w, https:\/\/luxorphuquochotel.com\/wp-content\/uploads\/2025\/07\/luxor_02-768x512.webp 768w\" sizes=\"auto, (max-width: 900px) 100vw, 900px\" \/><\/p>\n<p><img loading=\"lazy\" decoding=\"async\" class=\"size-full wp-image-1178 aligncenter\" src=\"https:\/\/luxorphuquochotel.com\/wp-content\/uploads\/2025\/07\/luxor_03.webp\" alt=\"\" width=\"900\" height=\"598\" srcset=\"https:\/\/luxorphuquochotel.com\/wp-content\/uploads\/2025\/07\/luxor_03.webp 900w, https:\/\/luxorphuquochotel.com\/wp-content\/uploads\/2025\/07\/luxor_03-300x199.webp 300w, https:\/\/luxorphuquochotel.com\/wp-content\/uploads\/2025\/07\/luxor_03-768x510.webp 768w\" sizes=\"auto, (max-width: 900px) 100vw, 900px\" \/><\/p>\n<p><img loading=\"lazy\" decoding=\"async\" class=\"size-full wp-image-1180 aligncenter\" src=\"https:\/\/luxorphuquochotel.com\/wp-content\/uploads\/2025\/07\/luxor_04.webp\" alt=\"\" width=\"900\" height=\"643\" srcset=\"https:\/\/luxorphuquochotel.com\/wp-content\/uploads\/2025\/07\/luxor_04.webp 900w, https:\/\/luxorphuquochotel.com\/wp-content\/uploads\/2025\/07\/luxor_04-300x214.webp 300w, https:\/\/luxorphuquochotel.com\/wp-content\/uploads\/2025\/07\/luxor_04-768x549.webp 768w\" sizes=\"auto, (max-width: 900px) 100vw, 900px\" \/><\/p>\n<p><img loading=\"lazy\" decoding=\"async\" class=\"size-full wp-image-1182 aligncenter\" src=\"https:\/\/luxorphuquochotel.com\/wp-content\/uploads\/2025\/07\/luxor_05.webp\" alt=\"\" width=\"900\" height=\"600\" srcset=\"https:\/\/luxorphuquochotel.com\/wp-content\/uploads\/2025\/07\/luxor_05.webp 900w, https:\/\/luxorphuquochotel.com\/wp-content\/uploads\/2025\/07\/luxor_05-300x200.webp 300w, https:\/\/luxorphuquochotel.com\/wp-content\/uploads\/2025\/07\/luxor_05-768x512.webp 768w\" sizes=\"auto, (max-width: 900px) 100vw, 900px\" \/><\/p>\n<p><img loading=\"lazy\" decoding=\"async\" class=\"size-full wp-image-1184 aligncenter\" src=\"https:\/\/luxorphuquochotel.com\/wp-content\/uploads\/2025\/07\/luxor_06.webp\" alt=\"\" width=\"900\" height=\"554\" srcset=\"https:\/\/luxorphuquochotel.com\/wp-content\/uploads\/2025\/07\/luxor_06.webp 900w, https:\/\/luxorphuquochotel.com\/wp-content\/uploads\/2025\/07\/luxor_06-300x185.webp 300w, https:\/\/luxorphuquochotel.com\/wp-content\/uploads\/2025\/07\/luxor_06-768x473.webp 768w\" sizes=\"auto, (max-width: 900px) 100vw, 900px\" \/><\/p>\n<p><img loading=\"lazy\" decoding=\"async\" class=\"size-full wp-image-1186 aligncenter\" src=\"https:\/\/luxorphuquochotel.com\/wp-content\/uploads\/2025\/07\/luxor_07.webp\" alt=\"\" width=\"900\" height=\"600\" srcset=\"https:\/\/luxorphuquochotel.com\/wp-content\/uploads\/2025\/07\/luxor_07.webp 900w, https:\/\/luxorphuquochotel.com\/wp-content\/uploads\/2025\/07\/luxor_07-300x200.webp 300w, https:\/\/luxorphuquochotel.com\/wp-content\/uploads\/2025\/07\/luxor_07-768x512.webp 768w\" sizes=\"auto, (max-width: 900px) 100vw, 900px\" \/><\/p>\n","protected":false},"excerpt":{"rendered":"<p>Kh\u00f4ng ch\u1ec9 g\u00e2y \u1ea5n t\u01b0\u1ee3ng b\u1edfi v\u1ecb tr\u00ed thu\u1eadn ti\u1ec7n v\u00e0 khung c\u1ea3nh thi\u00ean nhi\u00ean tuy\u1ec7t \u0111\u1eb9p, Kh\u00e1ch s\u1ea1n Luxor Boutique &#8211; Ph\u00fa Qu\u1ed1c c\u00f2n mang \u0111\u1ebfn cho du kh\u00e1ch nh\u1eefng ti\u1ec7n \u00edch v\u00e0 d\u1ecbch v\u1ee5 \u0111a d\u1ea1ng, \u0111\u00e1p \u1ee9ng m\u1ecdi nhu c\u1ea7u trong su\u1ed1t k\u1ef3 ngh\u1ec9. T\u1eeb kh\u00f4ng gian ngh\u1ec9 ng\u01a1i \u1ea5m c\u00fang cho [&hellip;]<\/p>\n","protected":false},"author":1,"featured_media":0,"parent":0,"menu_order":0,"comment_status":"closed","ping_status":"closed","template":"templates\/template-page.php","meta":{"_acf_changed":false,"inline_featured_image":false,"footnotes":""},"class_list":["post-555","page","type-page","status-publish","hentry"],"acf":[],"yoast_head":"<!-- This site is optimized with the Yoast SEO plugin v25.0 - https:\/\/yoast.com\/wordpress\/plugins\/seo\/ -->\n<title>D\u1ecbch v\u1ee5 - Luxor Boutique Hotel - Phu Quoc<\/title>\n<meta name=\"robots\" content=\"index, follow, max-snippet:-1, max-image-preview:large, max-video-preview:-1\" \/>\n<link rel=\"canonical\" href=\"https:\/\/luxorphuquochotel.com\/vi\/dich-vu\/\" \/>\n<meta property=\"og:locale\" content=\"vi_VN\" \/>\n<meta property=\"og:type\" content=\"article\" \/>\n<meta property=\"og:title\" content=\"D\u1ecbch v\u1ee5 - Luxor Boutique Hotel - Phu Quoc\" \/>\n<meta property=\"og:description\" content=\"Kh\u00f4ng ch\u1ec9 g\u00e2y \u1ea5n t\u01b0\u1ee3ng b\u1edfi v\u1ecb tr\u00ed thu\u1eadn ti\u1ec7n v\u00e0 khung c\u1ea3nh thi\u00ean nhi\u00ean tuy\u1ec7t \u0111\u1eb9p, Kh\u00e1ch s\u1ea1n Luxor Boutique &#8211; Ph\u00fa Qu\u1ed1c c\u00f2n mang \u0111\u1ebfn cho du kh\u00e1ch nh\u1eefng ti\u1ec7n \u00edch v\u00e0 d\u1ecbch v\u1ee5 \u0111a d\u1ea1ng, \u0111\u00e1p \u1ee9ng m\u1ecdi nhu c\u1ea7u trong su\u1ed1t k\u1ef3 ngh\u1ec9. T\u1eeb kh\u00f4ng gian ngh\u1ec9 ng\u01a1i \u1ea5m c\u00fang cho [&hellip;]\" \/>\n<meta property=\"og:url\" content=\"https:\/\/luxorphuquochotel.com\/vi\/dich-vu\/\" \/>\n<meta property=\"og:site_name\" content=\"Luxor Boutique Hotel - Phu Quoc\" \/>\n<meta property=\"article:modified_time\" content=\"2025-07-08T08:21:15+00:00\" \/>\n<meta property=\"og:image\" content=\"https:\/\/luxorphuquochotel.com\/wp-content\/uploads\/2025\/07\/luxor_01.webp\" \/>\n\t<meta property=\"og:image:width\" content=\"900\" \/>\n\t<meta property=\"og:image:height\" content=\"568\" \/>\n\t<meta property=\"og:image:type\" content=\"image\/webp\" \/>\n<meta name=\"twitter:card\" content=\"summary_large_image\" \/>\n<meta name=\"twitter:label1\" content=\"Est. reading time\" \/>\n\t<meta name=\"twitter:data1\" content=\"3 minutes\" \/>\n<script type=\"application\/ld+json\" class=\"yoast-schema-graph\">{\"@context\":\"https:\/\/schema.org\",\"@graph\":[{\"@type\":\"WebPage\",\"@id\":\"https:\/\/luxorphuquochotel.com\/vi\/dich-vu\/\",\"url\":\"https:\/\/luxorphuquochotel.com\/vi\/dich-vu\/\",\"name\":\"D\u1ecbch v\u1ee5 - Luxor Boutique Hotel - Phu Quoc\",\"isPartOf\":{\"@id\":\"https:\/\/luxorphuquochotel.com\/vi\/#website\"},\"primaryImageOfPage\":{\"@id\":\"https:\/\/luxorphuquochotel.com\/vi\/dich-vu\/#primaryimage\"},\"image\":{\"@id\":\"https:\/\/luxorphuquochotel.com\/vi\/dich-vu\/#primaryimage\"},\"thumbnailUrl\":\"https:\/\/luxorphuquochotel.com\/wp-content\/uploads\/2025\/07\/luxor_01.webp\",\"datePublished\":\"2025-01-07T11:13:53+00:00\",\"dateModified\":\"2025-07-08T08:21:15+00:00\",\"breadcrumb\":{\"@id\":\"https:\/\/luxorphuquochotel.com\/vi\/dich-vu\/#breadcrumb\"},\"inLanguage\":\"vi-VN\",\"potentialAction\":[{\"@type\":\"ReadAction\",\"target\":[\"https:\/\/luxorphuquochotel.com\/vi\/dich-vu\/\"]}]},{\"@type\":\"ImageObject\",\"inLanguage\":\"vi-VN\",\"@id\":\"https:\/\/luxorphuquochotel.com\/vi\/dich-vu\/#primaryimage\",\"url\":\"https:\/\/luxorphuquochotel.com\/wp-content\/uploads\/2025\/07\/luxor_01.webp\",\"contentUrl\":\"https:\/\/luxorphuquochotel.com\/wp-content\/uploads\/2025\/07\/luxor_01.webp\"},{\"@type\":\"BreadcrumbList\",\"@id\":\"https:\/\/luxorphuquochotel.com\/vi\/dich-vu\/#breadcrumb\",\"itemListElement\":[{\"@type\":\"ListItem\",\"position\":1,\"name\":\"Trang ch\u1ee7\",\"item\":\"https:\/\/luxorphuquochotel.com\/vi\/\"},{\"@type\":\"ListItem\",\"position\":2,\"name\":\"D\u1ecbch v\u1ee5\"}]},{\"@type\":\"WebSite\",\"@id\":\"https:\/\/luxorphuquochotel.com\/vi\/#website\",\"url\":\"https:\/\/luxorphuquochotel.com\/vi\/\",\"name\":\"Luxor Boutique Hotel - Phu Quoc\",\"description\":\"\",\"potentialAction\":[{\"@type\":\"SearchAction\",\"target\":{\"@type\":\"EntryPoint\",\"urlTemplate\":\"https:\/\/luxorphuquochotel.com\/vi\/?s={search_term_string}\"},\"query-input\":{\"@type\":\"PropertyValueSpecification\",\"valueRequired\":true,\"valueName\":\"search_term_string\"}}],\"inLanguage\":\"vi-VN\"}]}<\/script>\n<!-- \/ Yoast SEO plugin. -->","yoast_head_json":{"title":"D\u1ecbch v\u1ee5 - Luxor Boutique Hotel - Phu Quoc","robots":{"index":"index","follow":"follow","max-snippet":"max-snippet:-1","max-image-preview":"max-image-preview:large","max-video-preview":"max-video-preview:-1"},"canonical":"https:\/\/luxorphuquochotel.com\/vi\/dich-vu\/","og_locale":"vi_VN","og_type":"article","og_title":"D\u1ecbch v\u1ee5 - Luxor Boutique Hotel - Phu Quoc","og_description":"Kh\u00f4ng ch\u1ec9 g\u00e2y \u1ea5n t\u01b0\u1ee3ng b\u1edfi v\u1ecb tr\u00ed thu\u1eadn ti\u1ec7n v\u00e0 khung c\u1ea3nh thi\u00ean nhi\u00ean tuy\u1ec7t \u0111\u1eb9p, Kh\u00e1ch s\u1ea1n Luxor Boutique &#8211; Ph\u00fa Qu\u1ed1c c\u00f2n mang \u0111\u1ebfn cho du kh\u00e1ch nh\u1eefng ti\u1ec7n \u00edch v\u00e0 d\u1ecbch v\u1ee5 \u0111a d\u1ea1ng, \u0111\u00e1p \u1ee9ng m\u1ecdi nhu c\u1ea7u trong su\u1ed1t k\u1ef3 ngh\u1ec9. T\u1eeb kh\u00f4ng gian ngh\u1ec9 ng\u01a1i \u1ea5m c\u00fang cho [&hellip;]","og_url":"https:\/\/luxorphuquochotel.com\/vi\/dich-vu\/","og_site_name":"Luxor Boutique Hotel - Phu Quoc","article_modified_time":"2025-07-08T08:21:15+00:00","og_image":[{"width":900,"height":568,"url":"https:\/\/luxorphuquochotel.com\/wp-content\/uploads\/2025\/07\/luxor_01.webp","type":"image\/webp"}],"twitter_card":"summary_large_image","twitter_misc":{"Est. reading time":"3 minutes"},"schema":{"@context":"https:\/\/schema.org","@graph":[{"@type":"WebPage","@id":"https:\/\/luxorphuquochotel.com\/vi\/dich-vu\/","url":"https:\/\/luxorphuquochotel.com\/vi\/dich-vu\/","name":"D\u1ecbch v\u1ee5 - Luxor Boutique Hotel - Phu Quoc","isPartOf":{"@id":"https:\/\/luxorphuquochotel.com\/vi\/#website"},"primaryImageOfPage":{"@id":"https:\/\/luxorphuquochotel.com\/vi\/dich-vu\/#primaryimage"},"image":{"@id":"https:\/\/luxorphuquochotel.com\/vi\/dich-vu\/#primaryimage"},"thumbnailUrl":"https:\/\/luxorphuquochotel.com\/wp-content\/uploads\/2025\/07\/luxor_01.webp","datePublished":"2025-01-07T11:13:53+00:00","dateModified":"2025-07-08T08:21:15+00:00","breadcrumb":{"@id":"https:\/\/luxorphuquochotel.com\/vi\/dich-vu\/#breadcrumb"},"inLanguage":"vi-VN","potentialAction":[{"@type":"ReadAction","target":["https:\/\/luxorphuquochotel.com\/vi\/dich-vu\/"]}]},{"@type":"ImageObject","inLanguage":"vi-VN","@id":"https:\/\/luxorphuquochotel.com\/vi\/dich-vu\/#primaryimage","url":"https:\/\/luxorphuquochotel.com\/wp-content\/uploads\/2025\/07\/luxor_01.webp","contentUrl":"https:\/\/luxorphuquochotel.com\/wp-content\/uploads\/2025\/07\/luxor_01.webp"},{"@type":"BreadcrumbList","@id":"https:\/\/luxorphuquochotel.com\/vi\/dich-vu\/#breadcrumb","itemListElement":[{"@type":"ListItem","position":1,"name":"Trang ch\u1ee7","item":"https:\/\/luxorphuquochotel.com\/vi\/"},{"@type":"ListItem","position":2,"name":"D\u1ecbch v\u1ee5"}]},{"@type":"WebSite","@id":"https:\/\/luxorphuquochotel.com\/vi\/#website","url":"https:\/\/luxorphuquochotel.com\/vi\/","name":"Luxor Boutique Hotel - Phu Quoc","description":"","potentialAction":[{"@type":"SearchAction","target":{"@type":"EntryPoint","urlTemplate":"https:\/\/luxorphuquochotel.com\/vi\/?s={search_term_string}"},"query-input":{"@type":"PropertyValueSpecification","valueRequired":true,"valueName":"search_term_string"}}],"inLanguage":"vi-VN"}]}},"_links":{"self":[{"href":"https:\/\/luxorphuquochotel.com\/vi\/wp-json\/wp\/v2\/pages\/555","targetHints":{"allow":["GET"]}}],"collection":[{"href":"https:\/\/luxorphuquochotel.com\/vi\/wp-json\/wp\/v2\/pages"}],"about":[{"href":"https:\/\/luxorphuquochotel.com\/vi\/wp-json\/wp\/v2\/types\/page"}],"author":[{"embeddable":true,"href":"https:\/\/luxorphuquochotel.com\/vi\/wp-json\/wp\/v2\/users\/1"}],"replies":[{"embeddable":true,"href":"https:\/\/luxorphuquochotel.com\/vi\/wp-json\/wp\/v2\/comments?post=555"}],"version-history":[{"count":11,"href":"https:\/\/luxorphuquochotel.com\/vi\/wp-json\/wp\/v2\/pages\/555\/revisions"}],"predecessor-version":[{"id":1191,"href":"https:\/\/luxorphuquochotel.com\/vi\/wp-json\/wp\/v2\/pages\/555\/revisions\/1191"}],"wp:attachment":[{"href":"https:\/\/luxorphuquochotel.com\/vi\/wp-json\/wp\/v2\/media?parent=555"}],"curies":[{"name":"wp","href":"https:\/\/api.w.org\/{rel}","templated":true}]}}